{"id":102,"date":"2025-04-08T13:34:20","date_gmt":"2025-04-08T13:34:20","guid":{"rendered":"http:\/\/steiradogteam.at.w01cd0de.kasserver.com\/?page_id=102"},"modified":"2025-04-15T13:11:24","modified_gmt":"2025-04-15T13:11:24","slug":"service","status":"publish","type":"page","link":"https:\/\/steiradogteam.at\/index.php\/service\/","title":{"rendered":"Angebote"},"content":{"rendered":"<p><div class=\"fusion-fullwidth fullwidth-box fusion-builder-row-1 fusion-flex-container has-pattern-background has-mask-background nonhundred-percent-fullwidth non-hundred-percent-height-scrolling\" style=\"--awb-border-radius-top-left:0px;--awb-border-radius-top-right:0px;--awb-border-radius-bottom-right:0px;--awb-border-radius-bottom-left:0px;--awb-flex-wrap:wrap;\" ><div class=\"fusion-builder-row fusion-row fusion-flex-align-items-flex-start fusion-flex-content-wrap\" style=\"max-width:1248px;margin-left: calc(-4% \/ 2 );margin-right: calc(-4% \/ 2 );\"><div class=\"fusion-layout-column fusion_builder_column fusion-builder-column-0 fusion_builder_column_1_2 1_2 fusion-flex-column\" style=\"--awb-bg-size:cover;--awb-width-large:50%;--awb-margin-top-large:0px;--awb-spacing-right-large:3.84%;--awb-margin-bottom-large:20px;--awb-spacing-left-large:3.84%;--awb-width-medium:50%;--awb-order-medium:0;--awb-spacing-right-medium:3.84%;--awb-spacing-left-medium:3.84%;--awb-width-small:100%;--awb-order-small:0;--awb-spacing-right-small:1.92%;--awb-spacing-left-small:1.92%;\"><div class=\"fusion-column-wrapper fusion-column-has-shadow fusion-flex-justify-content-flex-start fusion-content-layout-column\"><div class=\"fusion-image-element \" style=\"--awb-caption-title-font-family:var(--h2_typography-font-family);--awb-caption-title-font-weight:var(--h2_typography-font-weight);--awb-caption-title-font-style:var(--h2_typography-font-style);--awb-caption-title-size:var(--h2_typography-font-size);--awb-caption-title-transform:var(--h2_typography-text-transform);--awb-caption-title-line-height:var(--h2_typography-line-height);--awb-caption-title-letter-spacing:var(--h2_typography-letter-spacing);\"><span class=\" fusion-imageframe imageframe-none imageframe-1 hover-type-none\"><img decoding=\"async\" width=\"1024\" height=\"250\" title=\"Logo_Steira-Dog-Team-Sued_farbig\" src=\"http:\/\/steiradogteam.at.w01cd0de.kasserver.com\/wp-content\/uploads\/2025\/04\/Logo_Steira-Dog-Team-Sued_farbig-1024x250.png\" alt class=\"img-responsive wp-image-109\" srcset=\"https:\/\/steiradogteam.at\/wp-content\/uploads\/2025\/04\/Logo_Steira-Dog-Team-Sued_farbig-200x49.png 200w, https:\/\/steiradogteam.at\/wp-content\/uploads\/2025\/04\/Logo_Steira-Dog-Team-Sued_farbig-400x98.png 400w, https:\/\/steiradogteam.at\/wp-content\/uploads\/2025\/04\/Logo_Steira-Dog-Team-Sued_farbig-600x146.png 600w, https:\/\/steiradogteam.at\/wp-content\/uploads\/2025\/04\/Logo_Steira-Dog-Team-Sued_farbig-800x195.png 800w, https:\/\/steiradogteam.at\/wp-content\/uploads\/2025\/04\/Logo_Steira-Dog-Team-Sued_farbig-1200x293.png 1200w, https:\/\/steiradogteam.at\/wp-content\/uploads\/2025\/04\/Logo_Steira-Dog-Team-Sued_farbig.png 2884w\" sizes=\"(max-width: 640px) 100vw, 600px\" \/><\/span><\/div><div class=\"fusion-text fusion-text-1\"><h5>\ud83d\udc3e Mit Herz, Verstand und viel Hundeliebe<\/h5>\n<p>Bei uns steht nicht nur das Training im Vordergrund, sondern vor allem die Freude an der gemeinsamen Entwicklung. Jeder Hund ist anders \u2013 und genau das macht unsere Arbeit so spannend. Ob temperamentvoller Jungspund oder gelassener Jagdbegleiter: Wir holen euch dort ab, wo ihr steht.<\/p>\n<p>Mit Erfahrung, Geduld und einem feinen Gesp\u00fcr f\u00fcr Mensch und Hund begleiten wir euch Schritt f\u00fcr Schritt \u2013 sei es bei den ersten Kommandos, beim Apportieren im Gel\u00e4nde oder in herausfordernden Alltagssituationen.<\/p>\n<p>Denn: Gutes Training beginnt mit Vertrauen \u2013 und einem freudig wedelnden Schwanz. \ud83d\udc36<\/p>\n<p><span style=\"color: var(--awb-text-color); font-family: var(--awb-text-font-family); font-size: var(--awb-font-size); font-style: var(--awb-text-font-style); font-weight: var(--awb-text-font-weight); letter-spacing: var(--awb-letter-spacing); text-align: var(--awb-content-alignment); text-transform: var(--awb-text-transform); background-color: var(--awb-bg-color-hover);\">Individuell. Praxisnah. Mit Herz &amp; Verstand \u2013 f\u00fcr Alltag, Ausbildung und jagdliche Arbeit.<\/span><\/p>\n<\/div><div ><a class=\"fusion-button button-flat fusion-button-default-size button-default fusion-button-default button-1 fusion-button-default-span fusion-button-default-type\" target=\"_self\" href=\"https:\/\/steiradogteam.at\/index.php\/contact\/\"><span class=\"fusion-button-text\">Sichert euch jetzt, euren Platz<\/span><\/a><\/div><\/div><\/div><div class=\"fusion-layout-column fusion_builder_column fusion-builder-column-1 fusion_builder_column_1_2 1_2 fusion-flex-column\" style=\"--awb-bg-size:cover;--awb-width-large:50%;--awb-margin-top-large:0px;--awb-spacing-right-large:3.84%;--awb-margin-bottom-large:20px;--awb-spacing-left-large:3.84%;--awb-width-medium:50%;--awb-order-medium:0;--awb-spacing-right-medium:3.84%;--awb-spacing-left-medium:3.84%;--awb-width-small:100%;--awb-order-small:0;--awb-spacing-right-small:1.92%;--awb-spacing-left-small:1.92%;\"><div class=\"fusion-column-wrapper fusion-column-has-shadow fusion-flex-justify-content-flex-start fusion-content-layout-column\"><div class=\"fusion-text fusion-text-2\"><p>\ud83d\udc36 <b>Einzeltraining<br \/>\n<\/b><span style=\"background-color: rgba(0, 0, 0, 0);\">Individuell auf dich und deinen Hund abgestimmt \u2013 ideal bei speziellen Themen oder zur gezielten Vorbereitung auf Pr\u00fcfungen.<\/span><\/p>\n<p>\ud83c\udfe0 <b>Hausbesuche<br \/>\n<\/b><span style=\"background-color: rgba(0, 0, 0, 0);\">Training in deinem gewohnten Umfeld \u2013 perfekt f\u00fcr Alltagssituationen oder Hunde mit Unsicherheiten.<\/span><\/p>\n<p>\ud83d\udc15\u200d\ud83e\uddba <b>Gruppentraining<br \/>\n<\/b><span style=\"background-color: rgba(0, 0, 0, 0);\">In kleinen Gruppen (3\u20134 Hunde) arbeiten wir an Gehorsam, Sozialverhalten und klarer Kommunikation.<\/span><\/p>\n<p>Inkl. Welpen- und Junghundekurse.<\/p>\n<p>\ud83e\uddb4 <b>Dummytraining<br \/>\n<\/b><span style=\"background-color: rgba(0, 0, 0, 0);\">Gezielter Aufbau von Apportierfreude, Impulskontrolle &amp; Zusammenarbeit \u2013 ideal zur F\u00f6rderung jagdlicher Anlagen oder als anspruchsvolle Besch\u00e4ftigung.<\/span><\/p>\n<p><b>\ud83c\udf32 Jagdliches Training<br \/>\n<\/b><span style=\"background-color: rgba(0, 0, 0, 0);\">F\u00fcr Hundef\u00fchrer:innen, die ihre Hunde jagdlich ausbilden oder auf Pr\u00fcfungen vorbereiten m\u00f6chten. Mit Know-how, Herzblut &amp; Weidgerechtigkeit.<\/span><\/p>\n<p>\u26a0\ufe0f <b>Problemberatung<br \/>\n<\/b><span style=\"background-color: rgba(0, 0, 0, 0);\">Individuelle Unterst\u00fctzung bei Herausforderungen wie Unsicherheit, Leinenaggression, R\u00fcckrufproblemen u.\u202fv.\u202fm. \u2013 gemeinsam finden wir L\u00f6sungen.<\/span><\/p>\n<p><b>\ud83d\udccd Unsere Trainingspl\u00e4tze<br \/>\n<\/b><span style=\"background-color: var(--awb-bg-color-hover); color: var(--awb-text-color); font-family: var(--awb-text-font-family); font-size: var(--awb-font-size); font-style: var(--awb-text-font-style); font-weight: var(--awb-text-font-weight); letter-spacing: var(--awb-letter-spacing); text-align: var(--awb-content-alignment); text-transform: var(--awb-text-transform);\">Premst\u00e4tten (Hauptstra\u00dfe 229)<br \/>\n<\/span><span style=\"background-color: var(--awb-bg-color-hover); color: var(--awb-text-color); font-family: var(--awb-text-font-family); font-size: var(--awb-font-size); font-style: var(--awb-text-font-style); font-weight: var(--awb-text-font-weight); letter-spacing: var(--awb-letter-spacing); text-align: var(--awb-content-alignment); text-transform: var(--awb-text-transform);\">Zweiter Platz mit Teich \u2013 ideal f\u00fcr Dummy- und Wasserarbeit.<\/span><\/p>\n<\/div><\/div><\/div><\/div><\/div><div class=\"fusion-fullwidth fullwidth-box fusion-builder-row-2 fusion-flex-container has-pattern-background has-mask-background nonhundred-percent-fullwidth non-hundred-percent-height-scrolling\" style=\"--awb-border-radius-top-left:0px;--awb-border-radius-top-right:0px;--awb-border-radius-bottom-right:0px;--awb-border-radius-bottom-left:0px;--awb-flex-wrap:wrap;\" ><div class=\"fusion-builder-row fusion-row fusion-flex-align-items-flex-start fusion-flex-content-wrap\" style=\"max-width:1248px;margin-left: calc(-4% \/ 2 );margin-right: calc(-4% \/ 2 );\"><div class=\"fusion-layout-column fusion_builder_column fusion-builder-column-2 fusion_builder_column_1_1 1_1 fusion-flex-column\" style=\"--awb-bg-size:cover;--awb-width-large:100%;--awb-margin-top-large:0px;--awb-spacing-right-large:1.92%;--awb-margin-bottom-large:20px;--awb-spacing-left-large:1.92%;--awb-width-medium:100%;--awb-order-medium:0;--awb-spacing-right-medium:1.92%;--awb-spacing-left-medium:1.92%;--awb-width-small:100%;--awb-order-small:0;--awb-spacing-right-small:1.92%;--awb-spacing-left-small:1.92%;\"><div class=\"fusion-column-wrapper fusion-column-has-shadow fusion-flex-justify-content-flex-start fusion-content-layout-column\"><div class=\"fusion-image-carousel fusion-image-carousel-auto fusion-image-carousel-1 fusion-carousel-border\"><div class=\"awb-carousel awb-swiper awb-swiper-carousel\" data-autoplay=\"no\" data-columns=\"3\" data-itemmargin=\"13\" data-itemwidth=\"180\" data-touchscroll=\"no\" data-imagesize=\"auto\" style=\"--awb-columns:3;\"><div class=\"swiper-wrapper awb-image-carousel-wrapper fusion-flex-align-items-center\"><div class=\"swiper-slide\"><div class=\"fusion-carousel-item-wrapper\"><div class=\"fusion-image-wrapper hover-type-liftup\"><img decoding=\"async\" width=\"2048\" height=\"1366\" src=\"https:\/\/steiradogteam.at\/wp-content\/uploads\/2025\/04\/489608722_10228281977778584_7115866558678468359_n.jpg\" class=\"attachment-full size-full\" alt=\"\" srcset=\"https:\/\/steiradogteam.at\/wp-content\/uploads\/2025\/04\/489608722_10228281977778584_7115866558678468359_n-200x133.jpg 200w, https:\/\/steiradogteam.at\/wp-content\/uploads\/2025\/04\/489608722_10228281977778584_7115866558678468359_n-400x267.jpg 400w, https:\/\/steiradogteam.at\/wp-content\/uploads\/2025\/04\/489608722_10228281977778584_7115866558678468359_n-600x400.jpg 600w, https:\/\/steiradogteam.at\/wp-content\/uploads\/2025\/04\/489608722_10228281977778584_7115866558678468359_n-800x534.jpg 800w, https:\/\/steiradogteam.at\/wp-content\/uploads\/2025\/04\/489608722_10228281977778584_7115866558678468359_n-1200x800.jpg 1200w, https:\/\/steiradogteam.at\/wp-content\/uploads\/2025\/04\/489608722_10228281977778584_7115866558678468359_n.jpg 2048w\" sizes=\"(min-width: 2200px) 100vw, (min-width: 784px) 391px, (min-width: 712px) 587px, (min-width: 640px) 712px, \" \/><\/div><\/div><\/div><div class=\"swiper-slide\"><div class=\"fusion-carousel-item-wrapper\"><div class=\"fusion-image-wrapper hover-type-liftup\"><img decoding=\"async\" width=\"2048\" height=\"1364\" src=\"https:\/\/steiradogteam.at\/wp-content\/uploads\/2025\/04\/488660589_10228281977218570_3247643047952922730_n.jpg\" class=\"attachment-full size-full\" alt=\"\" srcset=\"https:\/\/steiradogteam.at\/wp-content\/uploads\/2025\/04\/488660589_10228281977218570_3247643047952922730_n-200x133.jpg 200w, https:\/\/steiradogteam.at\/wp-content\/uploads\/2025\/04\/488660589_10228281977218570_3247643047952922730_n-400x266.jpg 400w, https:\/\/steiradogteam.at\/wp-content\/uploads\/2025\/04\/488660589_10228281977218570_3247643047952922730_n-600x400.jpg 600w, https:\/\/steiradogteam.at\/wp-content\/uploads\/2025\/04\/488660589_10228281977218570_3247643047952922730_n-800x533.jpg 800w, https:\/\/steiradogteam.at\/wp-content\/uploads\/2025\/04\/488660589_10228281977218570_3247643047952922730_n-1200x799.jpg 1200w, https:\/\/steiradogteam.at\/wp-content\/uploads\/2025\/04\/488660589_10228281977218570_3247643047952922730_n.jpg 2048w\" sizes=\"(min-width: 2200px) 100vw, (min-width: 784px) 391px, (min-width: 712px) 587px, (min-width: 640px) 712px, \" \/><\/div><\/div><\/div><div class=\"swiper-slide\"><div class=\"fusion-carousel-item-wrapper\"><div class=\"fusion-image-wrapper hover-type-liftup\"><img decoding=\"async\" width=\"2048\" height=\"1366\" src=\"https:\/\/steiradogteam.at\/wp-content\/uploads\/2025\/04\/488660318_10228281976938563_5051079597027838737_n.jpg\" class=\"attachment-full size-full\" alt=\"\" srcset=\"https:\/\/steiradogteam.at\/wp-content\/uploads\/2025\/04\/488660318_10228281976938563_5051079597027838737_n-200x133.jpg 200w, https:\/\/steiradogteam.at\/wp-content\/uploads\/2025\/04\/488660318_10228281976938563_5051079597027838737_n-400x267.jpg 400w, https:\/\/steiradogteam.at\/wp-content\/uploads\/2025\/04\/488660318_10228281976938563_5051079597027838737_n-600x400.jpg 600w, https:\/\/steiradogteam.at\/wp-content\/uploads\/2025\/04\/488660318_10228281976938563_5051079597027838737_n-800x534.jpg 800w, https:\/\/steiradogteam.at\/wp-content\/uploads\/2025\/04\/488660318_10228281976938563_5051079597027838737_n-1200x800.jpg 1200w, https:\/\/steiradogteam.at\/wp-content\/uploads\/2025\/04\/488660318_10228281976938563_5051079597027838737_n.jpg 2048w\" sizes=\"(min-width: 2200px) 100vw, (min-width: 784px) 391px, (min-width: 712px) 587px, (min-width: 640px) 712px, \" \/><\/div><\/div><\/div><\/div><div class=\"awb-swiper-button awb-swiper-button-prev\"><i class=\"awb-icon-angle-left\" aria-hidden=\"true\"><\/i><\/div><div class=\"awb-swiper-button awb-swiper-button-next\"><i class=\"awb-icon-angle-right\" aria-hidden=\"true\"><\/i><\/div><\/div><\/div><\/div><\/div><\/div><\/div><\/p>\n","protected":false},"excerpt":{"rendered":"","protected":false},"author":1,"featured_media":0,"parent":0,"menu_order":0,"comment_status":"closed","ping_status":"closed","template":"100-width.php","meta":{"footnotes":""},"class_list":["post-102","page","type-page","status-publish","hentry"],"_links":{"self":[{"href":"https:\/\/steiradogteam.at\/index.php\/wp-json\/wp\/v2\/pages\/102","targetHints":{"allow":["GET"]}}],"collection":[{"href":"https:\/\/steiradogteam.at\/index.php\/wp-json\/wp\/v2\/pages"}],"about":[{"href":"https:\/\/steiradogteam.at\/index.php\/wp-json\/wp\/v2\/types\/page"}],"author":[{"embeddable":true,"href":"https:\/\/steiradogteam.at\/index.php\/wp-json\/wp\/v2\/users\/1"}],"replies":[{"embeddable":true,"href":"https:\/\/steiradogteam.at\/index.php\/wp-json\/wp\/v2\/comments?post=102"}],"version-history":[{"count":5,"href":"https:\/\/steiradogteam.at\/index.php\/wp-json\/wp\/v2\/pages\/102\/revisions"}],"predecessor-version":[{"id":293,"href":"https:\/\/steiradogteam.at\/index.php\/wp-json\/wp\/v2\/pages\/102\/revisions\/293"}],"wp:attachment":[{"href":"https:\/\/steiradogteam.at\/index.php\/wp-json\/wp\/v2\/media?parent=102"}],"curies":[{"name":"wp","href":"https:\/\/api.w.org\/{rel}","templated":true}]}}